{"id":19,"date":"2018-09-28T07:43:47","date_gmt":"2018-09-28T05:43:47","guid":{"rendered":"http:\/\/stenna.at\/?page_id=19"},"modified":"2019-01-22T09:43:53","modified_gmt":"2019-01-22T08:43:53","slug":"impressum","status":"publish","type":"page","link":"https:\/\/stenna.at\/en\/impressum","title":{"rendered":"Impressum"},"content":{"rendered":"[vc_row fullwidth=&#8221;true&#8221; equal_columns=&#8221;true&#8221;][vc_column][mk_revslider id=&#8221;startseite-en&#8221;][\/vc_column][\/vc_row][vc_row][vc_column][vc_empty_space height=&#8221;50px&#8221;][vc_column_text css=&#8221;.vc_custom_1538377838051{margin-bottom: 0px !important;}&#8221;]\n<h3 style=\"text-align: center;\">Impressum<\/h3>\n[\/vc_column_text][vc_column_text css=&#8221;.vc_custom_1538377843799{margin-bottom: 0px !important;}&#8221;]\n<p style=\"text-align: center;\">Stand 2018<\/p>\n[\/vc_column_text][vc_empty_space height=&#8221;20px&#8221;][\/vc_column][\/vc_row][vc_row][vc_column][vc_column_text css=&#8221;.vc_custom_1545024480750{margin-bottom: 0px !important;}&#8221;]\n<p style=\"text-align: center;\"><img loading=\"lazy\" class=\"alignnone size-full wp-image-125\" src=\"http:\/\/stenna.at\/wp-content\/uploads\/2018\/10\/bildschirmfoto-2018-10-01-um-09.42.18.png\" alt=\"\" width=\"222\" height=\"69\" \/><\/p>\n<p style=\"text-align: center;\">Stenna GmbH<br \/>\nReut Nicolussi Strasse 10<br \/>\n6020 Innsbruck<\/p>\n<p style=\"text-align: center;\">Tel.: <a href=\"tel:0043512209086\">+43(0) 512 209086<\/a><br \/>\nFax.: +43(0) 512 209086 40<\/p>\n<p style=\"text-align: center;\"><strong>Auftragsbest\u00e4tigungen, allgemeine Anfragen<\/strong><br \/>\n<a href=\"mailto:office@stenna.at\">office@stenna.at<\/a><\/p>\n<p style=\"text-align: center;\"><strong>Rechnungen<\/strong><br \/>\n<a href=\"mailto:buchhaltung@stenna.at\">buchhaltung@stenna.at<\/a><\/p>\n<p style=\"text-align: center;\"><strong>Gesch\u00e4ftsf\u00fchrer<\/strong><br \/>\nIng. Rene Sturm, BA<\/p>\n<p style=\"text-align: center;\"><strong>UID<\/strong><br \/>\nATU73294712<\/p>\n<p style=\"text-align: center;\"><strong>Firmenbuch<\/strong><br \/>\nFN 490543m<br \/>\nFB Gericht: Innsbruck<\/p>\n<p style=\"text-align: center;\"><strong>EORI<\/strong><br \/>\nATEOS1000090532<\/p>\n<p style=\"text-align: center;\"><strong>GISA<\/strong><br \/>\n30762824<\/p>\n<p style=\"text-align: center;\"><strong>ARA<\/strong><br \/>\n22119<\/p>\n<p style=\"text-align: center;\"><strong>GLN<\/strong><br \/>\n9110026192366<\/p>\n<p style=\"text-align: center;\">Mitglied der WK\u00d6, WKT, Fachgruppe LG Elektro- und Einrichtungsfachhandel<\/p>\n[\/vc_column_text][\/vc_column][\/vc_row][vc_row][vc_column][vc_empty_space][\/vc_column][\/vc_row]","protected":false},"excerpt":{"rendered":"<p>[vc_row fullwidth=&#8221;true&#8221; equal_columns=&#8221;true&#8221;][vc_column][mk_revslider id=&#8221;startseite-en&#8221;][\/vc_column][\/vc_row][vc_row][vc_column][vc_empty_space height=&#8221;50px&#8221;][vc_column_text css=&#8221;.vc_custom_1538377838051{margin-bottom: 0px !important;}&#8221;] Impressum [\/vc_column_text][vc_column_text css=&#8221;.vc_custom_1538377843799{margin-bottom: 0px !important;}&#8221;] Stand 2018 [\/vc_column_text][vc_empty_space height=&#8221;20px&#8221;][\/vc_column][\/vc_row][vc_row][vc_column][vc_column_text css=&#8221;.vc_custom_1545024480750{margin-bottom: 0px !important;}&#8221;] Stenna GmbH Reut Nicolussi Strasse 10 6020 Innsbruck Tel.: +43(0) 512 209086 Fax.: +43(0) 512 209086 40 Auftragsbest\u00e4tigungen, allgemeine Anfragen office@stenna.at Rechnungen buchhaltung@stenna.at Gesch\u00e4ftsf\u00fchrer Ing. Rene Sturm, BA UID ATU73294712 Firmenbuch FN 490543m FB Gericht: [&hellip;]<\/p>\n","protected":false},"author":1,"featured_media":0,"parent":0,"menu_order":0,"comment_status":"closed","ping_status":"closed","template":"","meta":[],"_links":{"self":[{"href":"https:\/\/stenna.at\/en\/wp-json\/wp\/v2\/pages\/19"}],"collection":[{"href":"https:\/\/stenna.at\/en\/wp-json\/wp\/v2\/pages"}],"about":[{"href":"https:\/\/stenna.at\/en\/wp-json\/wp\/v2\/types\/page"}],"author":[{"embeddable":true,"href":"https:\/\/stenna.at\/en\/wp-json\/wp\/v2\/users\/1"}],"replies":[{"embeddable":true,"href":"https:\/\/stenna.at\/en\/wp-json\/wp\/v2\/comments?post=19"}],"version-history":[{"count":9,"href":"https:\/\/stenna.at\/en\/wp-json\/wp\/v2\/pages\/19\/revisions"}],"predecessor-version":[{"id":399,"href":"https:\/\/stenna.at\/en\/wp-json\/wp\/v2\/pages\/19\/revisions\/399"}],"wp:attachment":[{"href":"https:\/\/stenna.at\/en\/wp-json\/wp\/v2\/media?parent=19"}],"curies":[{"name":"wp","href":"https:\/\/api.w.org\/{rel}","templated":true}]}}